{"id":3,"date":"2023-11-15T08:52:44","date_gmt":"2023-11-15T08:52:44","guid":{"rendered":"https:\/\/dozsaugyved.hu\/?page_id=3"},"modified":"2023-12-19T16:50:55","modified_gmt":"2023-12-19T16:50:55","slug":"adatvedelmi-nyilatkozat","status":"publish","type":"page","link":"https:\/\/dozsaugyved.hu\/en\/adatvedelmi-nyilatkozat\/","title":{"rendered":"Data protection statement"},"content":{"rendered":"\t\t<div data-elementor-type=\"wp-page\" data-elementor-id=\"3\" class=\"elementor elementor-3\" data-elementor-post-type=\"page\">\n\t\t\t\t<div class=\"elementor-element elementor-element-58a9fd17 e-flex e-con-boxed e-con e-parent\" data-id=\"58a9fd17\" data-element_type=\"container\" data-e-type=\"container\" data-settings=\"{&quot;jet_parallax_layout_list&quot;:[]}\">\n\t\t\t\t\t<div class=\"e-con-inner\">\n\t\t\t\t<div class=\"elementor-element elementor-element-2876960a elementor-widget elementor-widget-text-editor\" data-id=\"2876960a\" data-element_type=\"widget\" data-e-type=\"widget\" data-widget_type=\"text-editor.default\">\n\t\t\t\t<div class=\"elementor-widget-container\">\n\t\t\t\t\t\t\t\t\t<p><\/p>\n<hr>\n<p>\u00dcdv\u00f6zl\u00fcnk a&nbsp; Dr. D\u00f3zsa Ern\u0151 \u00dcdv\u00e9di Iroda weboldal\u00e1n!<\/p>\n<p><strong>1. Adatkezel\u0151<\/strong><\/p>\n<p>Dr. D\u00f3zsa Ern\u0151 \u00dcdv\u00e9di Iroda<br>1141 Budapest, Szugl\u00f3 utca 125\/D. c. lph. 6. <a href=\"mailto:office@dozsaugyved.hu\" target=\"_blank\" rel=\"noopener\">office@dozsaugyved.hu<\/a><br>+3630 939 6943<\/p>\n<p><strong>2. Szem\u00e9lyes adatok gy\u0171jt\u00e9se \u00e9s felhaszn\u00e1l\u00e1sa<\/strong><\/p>\n<p>A&nbsp;Dr. D\u00f3zsa Ern\u0151 \u00dcdv\u00e9di Iroda weboldal\u00e1nak haszn\u00e1lat\u00e1val \u00d6n beleegyezik abba, hogy bizonyos szem\u00e9lyes adatait kezelj\u00fck. Az \u00e1ltalunk gy\u0171jt\u00f6tt adatok c\u00e9lja kiz\u00e1r\u00f3lag az \u00d6n \u00e1ltal ig\u00e9nybe vett szolg\u00e1ltat\u00e1sok teljes\u00edt\u00e9se, valamint a kapcsolatfelv\u00e9tel.<\/p>\n<p>Az \u00e1ltalunk gy\u0171jt\u00f6tt szem\u00e9lyes adatok t\u00edpusai:<\/p>\n<ul>\n<li>N\u00e9v<\/li>\n<li>E-mail c\u00edm<\/li>\n<li>Telefonsz\u00e1m<\/li>\n<li>Egy\u00e9b kapcsolati inform\u00e1ci\u00f3k<\/li>\n<\/ul>\n<p><strong>3. Adatbiztons\u00e1g<\/strong><\/p>\n<p>Az [\u00dcdv\u00e9di Iroda neve] felel\u0151s az \u00d6n szem\u00e9lyes adatainak biztons\u00e1gos t\u00e1rol\u00e1s\u00e1\u00e9rt. Minden sz\u00fcks\u00e9ges int\u00e9zked\u00e9st megtett\u00fcnk annak \u00e9rdek\u00e9ben, hogy megakad\u00e1lyozzuk az illet\u00e9ktelen hozz\u00e1f\u00e9r\u00e9st, adatainak elveszt\u00e9s\u00e9t, vagy jogosulatlan felhaszn\u00e1l\u00e1s\u00e1t.<\/p>\n<p><strong>4. Harmadik felek<\/strong><\/p>\n<p>Az [\u00dcdv\u00e9di Iroda neve] nem osztja meg az \u00d6n szem\u00e9lyes adatait harmadik felekkel, kiv\u00e9ve, ha az t\u00f6rv\u00e9ny \u00e1ltal el\u0151\u00edrt vagy enged\u00e9lyezett.<\/p>\n<p><strong>5. S\u00fctik (Cookies)<\/strong><\/p>\n<p>A weboldal s\u00fctiket haszn\u00e1lhat a felhaszn\u00e1l\u00f3i \u00e9lm\u00e9ny jav\u00edt\u00e1sa \u00e9rdek\u00e9ben. A s\u00fctik olyan kis f\u00e1jlok, amelyeket a b\u00f6ng\u00e9sz\u0151 t\u00e1rol az \u00d6n eszk\u00f6z\u00e9n, \u00e9s seg\u00edtenek szem\u00e9lyre szabni a weboldal tartalm\u00e1t. Az \u00d6n b\u00f6ng\u00e9sz\u0151je be\u00e1ll\u00edt\u00e1sainak m\u00f3dos\u00edt\u00e1s\u00e1val ezeket a s\u00fctiket t\u00f6r\u00f6lheti vagy letilthatja.<\/p>\n<p><strong>6. Jogai<\/strong><\/p>\n<p>Az adatv\u00e9delmi szab\u00e1lyoz\u00e1snak megfelel\u0151en \u00d6nnek jog\u00e1ban \u00e1ll hozz\u00e1f\u00e9rni a r\u00f3la t\u00e1rolt szem\u00e9lyes adatokhoz, azok helyesb\u00edt\u00e9s\u00e9hez, t\u00f6rl\u00e9s\u00e9hez vagy z\u00e1rol\u00e1s\u00e1hoz. Amennyiben szeretn\u00e9 \u00e9rv\u00e9nyes\u00edteni ezeket a jogokat, k\u00e9rj\u00fck, l\u00e9pjen kapcsolatba vel\u00fcnk az&nbsp;<span style=\"text-align: var(--text-align); background-color: var(--ast-global-color-5); color: var(--ast-global-color-3); font-size: 1rem;\">&nbsp;<\/span><a href=\"mailto:office@dozsaugyved.hu\" target=\"_blank\" rel=\"noopener\" style=\"text-align: var(--text-align); font-size: 1rem; background-color: rgb(255, 255, 255);\">office@dozsaugyved.hu<\/a><span style=\"font-style: inherit; font-weight: inherit; text-align: var(--text-align); background-color: var(--ast-global-color-5); color: var(--ast-global-color-3);\">&nbsp;e-mail c\u00edmen.<\/span><\/p>\n<p><strong>7. Kapcsolatfelv\u00e9tel<\/strong><\/p>\n<p>Ha b\u00e1rmilyen k\u00e9rd\u00e9se van az adatv\u00e9delmi nyilatkozattal vagy az \u00d6n szem\u00e9lyes adataival kapcsolatban, k\u00e9rj\u00fck, l\u00e9pjen kapcsolatba vel\u00fcnk az&nbsp; c\u00edmen.<\/p>\n<p><strong>Friss\u00edt\u00e9s<\/strong><\/p>\n<p><span style=\"color: rgb(209, 213, 219); font-family: S\u00f6hne, ui-sans-serif, system-ui, -apple-system, &quot;Segoe UI&quot;, Roboto, Ubuntu, Cantarell, &quot;Noto Sans&quot;, sans-serif, &quot;Helvetica Neue&quot;, Arial, &quot;Apple Color Emoji&quot;, &quot;Segoe UI Emoji&quot;, &quot;Segoe UI Symbol&quot;, &quot;Noto Color Emoji&quot;; font-size: 16px; white-space-collapse: preserve; background-color: rgb(52, 53, 65);\">Ez az adatv\u00e9delmi nyilatkozat friss\u00edthet\u0151. Az esetleges v\u00e1ltoz\u00e1sokr\u00f3l \u00e9rtes\u00edteni fogjuk \u00d6nt a weboldalon vagy e-mailben.<\/span><br><\/p>\t\t\t\t\t\t\t\t<\/div>\n\t\t\t\t<\/div>\n\t\t\t\t\t<\/div>\n\t\t\t\t<\/div>\n\t\t\t\t<\/div>\n\t\t","protected":false},"excerpt":{"rendered":"<p>Welcome to the website of Dr. Ern\u0151 D\u00f3zsa Salvation Law Office! Data Controller Dr. Ern\u0151 D\u00f3zsa Salvation Law Office1141 Budapest, Szugl\u00f3 utca 125\/D. c. lph. 6. office@dozsaugyved.hu+3630 939 6943 2.Collection and use of personal data By using the website of Dr. D\u00f3zsa Ern\u0151 \u00dcdv\u00e9di Iroda you consent to the processing of certain personal data. The data we collect is used solely for the purposes for which you ...<\/p>\n<p class=\"read-more\"> <a class=\"\" href=\"https:\/\/dozsaugyved.hu\/en\/adatvedelmi-nyilatkozat\/\"> <span class=\"screen-reader-text\">Data protection statement<\/span> Read More \"<\/a><\/p>","protected":false},"author":1,"featured_media":0,"parent":0,"menu_order":0,"comment_status":"closed","ping_status":"closed","template":"","meta":{"site-sidebar-layout":"default","site-content-layout":"","ast-site-content-layout":"","site-content-style":"default","site-sidebar-style":"default","ast-global-header-display":"","ast-banner-title-visibility":"","ast-main-header-display":"","ast-hfb-above-header-display":"","ast-hfb-below-header-display":"","ast-hfb-mobile-header-display":"","site-post-title":"","ast-breadcrumbs-content":"","ast-featured-img":"","footer-sml-layout":"","theme-transparent-header-meta":"","adv-header-id-meta":"","stick-header-meta":"","header-above-stick-meta":"","header-main-stick-meta":"","header-below-stick-meta":"","astra-migrate-meta-layouts":"","ast-page-background-enabled":"default","ast-page-background-meta":{"desktop":{"background-color":"","background-image":"","background-repeat":"repeat","background-position":"center center","background-size":"auto","background-attachment":"scroll","background-type":"","background-media":"","overlay-type":"","overlay-color":"","overlay-gradient":""},"tablet":{"background-color":"","background-image":"","background-repeat":"repeat","background-position":"center center","background-size":"auto","background-attachment":"scroll","background-type":"","background-media":"","overlay-type":"","overlay-color":"","overlay-gradient":""},"mobile":{"background-color":"","background-image":"","background-repeat":"repeat","background-position":"center center","background-size":"auto","background-attachment":"scroll","background-type":"","background-media":"","overlay-type":"","overlay-color":"","overlay-gradient":""}},"ast-content-background-meta":{"desktop":{"background-color":"var(--ast-global-color-5)","background-image":"","background-repeat":"repeat","background-position":"center center","background-size":"auto","background-attachment":"scroll","background-type":"","background-media":"","overlay-type":"","overlay-color":"","overlay-gradient":""},"tablet":{"background-color":"var(--ast-global-color-5)","background-image":"","background-repeat":"repeat","background-position":"center center","background-size":"auto","background-attachment":"scroll","background-type":"","background-media":"","overlay-type":"","overlay-color":"","overlay-gradient":""},"mobile":{"background-color":"var(--ast-global-color-5)","background-image":"","background-repeat":"repeat","background-position":"center center","background-size":"auto","background-attachment":"scroll","background-type":"","background-media":"","overlay-type":"","overlay-color":"","overlay-gradient":""}},"footnotes":""},"class_list":["post-3","page","type-page","status-publish","hentry"],"yoast_head":"<!-- This site is optimized with the Yoast SEO Premium plugin v27.4 (Yoast SEO v27.4) - https:\/\/yoast.com\/product\/yoast-seo-premium-wordpress\/ -->\n<title>Adatv\u00e9delmi nyilatkozat - Dr. D\u00f3zsa Ern\u0151 \u00dcgyv\u00e9di iroda<\/title>\n<meta name=\"robots\" content=\"index, follow, max-snippet:-1, max-image-preview:large, max-video-preview:-1\" \/>\n<link rel=\"canonical\" href=\"https:\/\/dozsaugyved.hu\/en\/adatvedelmi-nyilatkozat\/\" \/>\n<meta property=\"og:locale\" content=\"en_GB\" \/>\n<meta property=\"og:type\" content=\"article\" \/>\n<meta property=\"og:title\" content=\"Adatv\u00e9delmi nyilatkozat\" \/>\n<meta property=\"og:description\" content=\"\u00dcdv\u00f6zl\u00fcnk a&nbsp; Dr. D\u00f3zsa Ern\u0151 \u00dcdv\u00e9di Iroda weboldal\u00e1n! 1. Adatkezel\u0151 Dr. D\u00f3zsa Ern\u0151 \u00dcdv\u00e9di Iroda1141 Budapest, Szugl\u00f3 utca 125\/D. c. lph. 6. office@dozsaugyved.hu+3630 939 6943 2. Szem\u00e9lyes adatok gy\u0171jt\u00e9se \u00e9s felhaszn\u00e1l\u00e1sa A&nbsp;Dr. D\u00f3zsa Ern\u0151 \u00dcdv\u00e9di Iroda weboldal\u00e1nak haszn\u00e1lat\u00e1val \u00d6n beleegyezik abba, hogy bizonyos szem\u00e9lyes adatait kezelj\u00fck. Az \u00e1ltalunk gy\u0171jt\u00f6tt adatok c\u00e9lja kiz\u00e1r\u00f3lag az \u00d6n \u00e1ltal &hellip; Adatv\u00e9delmi nyilatkozat Read More &raquo;\" \/>\n<meta property=\"og:url\" content=\"https:\/\/dozsaugyved.hu\/en\/adatvedelmi-nyilatkozat\/\" \/>\n<meta property=\"og:site_name\" content=\"Dr. D\u00f3zsa Ern\u0151 \u00dcgyv\u00e9di iroda\" \/>\n<meta property=\"article:modified_time\" content=\"2023-12-19T16:50:55+00:00\" \/>\n<meta property=\"og:image\" content=\"https:\/\/dozsaugyved.hu\/wp-content\/uploads\/2023\/11\/cropped-380519886_3508177709444460_248778446411742142_n.jpg\" \/>\n\t<meta property=\"og:image:width\" content=\"512\" \/>\n\t<meta property=\"og:image:height\" content=\"512\" \/>\n\t<meta property=\"og:image:type\" content=\"image\/jpeg\" \/>\n<meta name=\"twitter:card\" content=\"summary_large_image\" \/>\n<meta name=\"twitter:label1\" content=\"Estimated reading time\" \/>\n\t<meta name=\"twitter:data1\" content=\"2 minutes\" \/>\n<script type=\"application\/ld+json\" class=\"yoast-schema-graph\">{\"@context\":\"https:\\\/\\\/schema.org\",\"@graph\":[{\"@type\":\"WebPage\",\"@id\":\"https:\\\/\\\/dozsaugyved.hu\\\/adatvedelmi-nyilatkozat\\\/\",\"url\":\"https:\\\/\\\/dozsaugyved.hu\\\/adatvedelmi-nyilatkozat\\\/\",\"name\":\"Adatv\u00e9delmi nyilatkozat - Dr. D\u00f3zsa Ern\u0151 \u00dcgyv\u00e9di iroda\",\"isPartOf\":{\"@id\":\"https:\\\/\\\/dozsaugyved.hu\\\/#website\"},\"datePublished\":\"2023-11-15T08:52:44+00:00\",\"dateModified\":\"2023-12-19T16:50:55+00:00\",\"breadcrumb\":{\"@id\":\"https:\\\/\\\/dozsaugyved.hu\\\/adatvedelmi-nyilatkozat\\\/#breadcrumb\"},\"inLanguage\":\"en-GB\",\"potentialAction\":[{\"@type\":\"ReadAction\",\"target\":[\"https:\\\/\\\/dozsaugyved.hu\\\/adatvedelmi-nyilatkozat\\\/\"]}]},{\"@type\":\"BreadcrumbList\",\"@id\":\"https:\\\/\\\/dozsaugyved.hu\\\/adatvedelmi-nyilatkozat\\\/#breadcrumb\",\"itemListElement\":[{\"@type\":\"ListItem\",\"position\":1,\"name\":\"Home\",\"item\":\"https:\\\/\\\/dozsaugyved.hu\\\/\"},{\"@type\":\"ListItem\",\"position\":2,\"name\":\"Adatv\u00e9delmi nyilatkozat\"}]},{\"@type\":\"WebSite\",\"@id\":\"https:\\\/\\\/dozsaugyved.hu\\\/#website\",\"url\":\"https:\\\/\\\/dozsaugyved.hu\\\/\",\"name\":\"Dr. D\u00f3zsa Ern\u0151 \u00dcgyv\u00e9di iroda\",\"description\":\"\u00dcgyv\u00e9di iroda\",\"publisher\":{\"@id\":\"https:\\\/\\\/dozsaugyved.hu\\\/#organization\"},\"alternateName\":\"\u00dcgyv\u00e9di Iroda Budapest\",\"potentialAction\":[{\"@type\":\"SearchAction\",\"target\":{\"@type\":\"EntryPoint\",\"urlTemplate\":\"https:\\\/\\\/dozsaugyved.hu\\\/?s={search_term_string}\"},\"query-input\":{\"@type\":\"PropertyValueSpecification\",\"valueRequired\":true,\"valueName\":\"search_term_string\"}}],\"inLanguage\":\"en-GB\"},{\"@type\":\"Organization\",\"@id\":\"https:\\\/\\\/dozsaugyved.hu\\\/#organization\",\"name\":\"Dr. D\u00f3zsa Ern\u0151 \u00dcgyv\u00e9di iroda\",\"alternateName\":\"\u00dcgyv\u00e9di Iroda Budapest\",\"url\":\"https:\\\/\\\/dozsaugyved.hu\\\/\",\"logo\":{\"@type\":\"ImageObject\",\"inLanguage\":\"en-GB\",\"@id\":\"https:\\\/\\\/dozsaugyved.hu\\\/#\\\/schema\\\/logo\\\/image\\\/\",\"url\":\"https:\\\/\\\/dozsaugyved.hu\\\/wp-content\\\/uploads\\\/2023\\\/11\\\/cropped-380519886_3508177709444460_248778446411742142_n.jpg\",\"contentUrl\":\"https:\\\/\\\/dozsaugyved.hu\\\/wp-content\\\/uploads\\\/2023\\\/11\\\/cropped-380519886_3508177709444460_248778446411742142_n.jpg\",\"width\":512,\"height\":512,\"caption\":\"Dr. D\u00f3zsa Ern\u0151 \u00dcgyv\u00e9di iroda\"},\"image\":{\"@id\":\"https:\\\/\\\/dozsaugyved.hu\\\/#\\\/schema\\\/logo\\\/image\\\/\"},\"description\":\"Dr. D\u00f3zsa Ern\u0151, a Miskolci Egyetem \u00c1llam- \u00e9s Jogtudom\u00e1nyi Kar\u00e1n v\u00e9gzett jog\u00e1sz, t\u00f6bb mint 20 \u00e9ves tapasztalattal rendelkezik a gazdas\u00e1gi b\u00fcntet\u0151jog, csal\u00e1djog \u00e9s polg\u00e1ri jog ter\u00fclet\u00e9n. Irod\u00e1ja teljes k\u00f6r\u0171 jogi szolg\u00e1ltat\u00e1st ny\u00fajt, k\u00fcl\u00f6n\u00f6sen ingatlan\u00fcgyek, v\u00e1l\u00f3perek, gyermekelhelyez\u00e9s \u00e9s gazdas\u00e1gi t\u00e1rsas\u00e1gok k\u00e9pviselete ter\u00e9n.\",\"email\":\"office@dozsaugyved.hu\",\"telephone\":\"+36309396943\",\"numberOfEmployees\":{\"@type\":\"QuantitativeValue\",\"minValue\":\"1\",\"maxValue\":\"10\"},\"publishingPrinciples\":\"https:\\\/\\\/dozsaugyved.hu\\\/adatvedelmi-nyilatkozat\\\/\",\"ownershipFundingInfo\":\"https:\\\/\\\/dozsaugyved.hu\\\/adatvedelmi-nyilatkozat\\\/\",\"actionableFeedbackPolicy\":\"https:\\\/\\\/dozsaugyved.hu\\\/cookie-tajekoztato\\\/\",\"correctionsPolicy\":\"https:\\\/\\\/dozsaugyved.hu\\\/kapcsolat\\\/\"}]}<\/script>\n<!-- \/ Yoast SEO Premium plugin. -->","yoast_head_json":{"title":"Privacy Statement - Dr. Ern\u0151 D\u00f3zsa Law Office","robots":{"index":"index","follow":"follow","max-snippet":"max-snippet:-1","max-image-preview":"max-image-preview:large","max-video-preview":"max-video-preview:-1"},"canonical":"https:\/\/dozsaugyved.hu\/en\/adatvedelmi-nyilatkozat\/","og_locale":"en_GB","og_type":"article","og_title":"Adatv\u00e9delmi nyilatkozat","og_description":"\u00dcdv\u00f6zl\u00fcnk a&nbsp; Dr. D\u00f3zsa Ern\u0151 \u00dcdv\u00e9di Iroda weboldal\u00e1n! 1. Adatkezel\u0151 Dr. D\u00f3zsa Ern\u0151 \u00dcdv\u00e9di Iroda1141 Budapest, Szugl\u00f3 utca 125\/D. c. lph. 6. office@dozsaugyved.hu+3630 939 6943 2. Szem\u00e9lyes adatok gy\u0171jt\u00e9se \u00e9s felhaszn\u00e1l\u00e1sa A&nbsp;Dr. D\u00f3zsa Ern\u0151 \u00dcdv\u00e9di Iroda weboldal\u00e1nak haszn\u00e1lat\u00e1val \u00d6n beleegyezik abba, hogy bizonyos szem\u00e9lyes adatait kezelj\u00fck. Az \u00e1ltalunk gy\u0171jt\u00f6tt adatok c\u00e9lja kiz\u00e1r\u00f3lag az \u00d6n \u00e1ltal &hellip; Adatv\u00e9delmi nyilatkozat Read More &raquo;","og_url":"https:\/\/dozsaugyved.hu\/en\/adatvedelmi-nyilatkozat\/","og_site_name":"Dr. D\u00f3zsa Ern\u0151 \u00dcgyv\u00e9di iroda","article_modified_time":"2023-12-19T16:50:55+00:00","og_image":[{"width":512,"height":512,"url":"https:\/\/dozsaugyved.hu\/wp-content\/uploads\/2023\/11\/cropped-380519886_3508177709444460_248778446411742142_n.jpg","type":"image\/jpeg"}],"twitter_card":"summary_large_image","twitter_misc":{"Estimated reading time":"2 minutes"},"schema":{"@context":"https:\/\/schema.org","@graph":[{"@type":"WebPage","@id":"https:\/\/dozsaugyved.hu\/adatvedelmi-nyilatkozat\/","url":"https:\/\/dozsaugyved.hu\/adatvedelmi-nyilatkozat\/","name":"Privacy Statement - Dr. Ern\u0151 D\u00f3zsa Law Office","isPartOf":{"@id":"https:\/\/dozsaugyved.hu\/#website"},"datePublished":"2023-11-15T08:52:44+00:00","dateModified":"2023-12-19T16:50:55+00:00","breadcrumb":{"@id":"https:\/\/dozsaugyved.hu\/adatvedelmi-nyilatkozat\/#breadcrumb"},"inLanguage":"en-GB","potentialAction":[{"@type":"ReadAction","target":["https:\/\/dozsaugyved.hu\/adatvedelmi-nyilatkozat\/"]}]},{"@type":"BreadcrumbList","@id":"https:\/\/dozsaugyved.hu\/adatvedelmi-nyilatkozat\/#breadcrumb","itemListElement":[{"@type":"ListItem","position":1,"name":"Home","item":"https:\/\/dozsaugyved.hu\/"},{"@type":"ListItem","position":2,"name":"Adatv\u00e9delmi nyilatkozat"}]},{"@type":"WebSite","@id":"https:\/\/dozsaugyved.hu\/#website","url":"https:\/\/dozsaugyved.hu\/","name":"Dr. Ern\u0151 D\u00f3zsa Law Office","description":"Law firm","publisher":{"@id":"https:\/\/dozsaugyved.hu\/#organization"},"alternateName":"\u00dcgyv\u00e9di Iroda Budapest","potentialAction":[{"@type":"SearchAction","target":{"@type":"EntryPoint","urlTemplate":"https:\/\/dozsaugyved.hu\/?s={search_term_string}"},"query-input":{"@type":"PropertyValueSpecification","valueRequired":true,"valueName":"search_term_string"}}],"inLanguage":"en-GB"},{"@type":"Organization","@id":"https:\/\/dozsaugyved.hu\/#organization","name":"Dr. Ern\u0151 D\u00f3zsa Law Office","alternateName":"\u00dcgyv\u00e9di Iroda Budapest","url":"https:\/\/dozsaugyved.hu\/","logo":{"@type":"ImageObject","inLanguage":"en-GB","@id":"https:\/\/dozsaugyved.hu\/#\/schema\/logo\/image\/","url":"https:\/\/dozsaugyved.hu\/wp-content\/uploads\/2023\/11\/cropped-380519886_3508177709444460_248778446411742142_n.jpg","contentUrl":"https:\/\/dozsaugyved.hu\/wp-content\/uploads\/2023\/11\/cropped-380519886_3508177709444460_248778446411742142_n.jpg","width":512,"height":512,"caption":"Dr. D\u00f3zsa Ern\u0151 \u00dcgyv\u00e9di iroda"},"image":{"@id":"https:\/\/dozsaugyved.hu\/#\/schema\/logo\/image\/"},"description":"Dr. Ern\u0151 D\u00f3zsa, a graduate of the Faculty of Law and Political Sciences of the University of Miskolc, has more than 20 years of experience in the fields of economic criminal law, family law and civil law. His office provides a full range of legal services, in particular in the fields of real estate, divorce, child custody and representation of business companies.","email":"office@dozsaugyved.hu","telephone":"+36309396943","numberOfEmployees":{"@type":"QuantitativeValue","minValue":"1","maxValue":"10"},"publishingPrinciples":"https:\/\/dozsaugyved.hu\/adatvedelmi-nyilatkozat\/","ownershipFundingInfo":"https:\/\/dozsaugyved.hu\/adatvedelmi-nyilatkozat\/","actionableFeedbackPolicy":"https:\/\/dozsaugyved.hu\/cookie-tajekoztato\/","correctionsPolicy":"https:\/\/dozsaugyved.hu\/kapcsolat\/"}]}},"_links":{"self":[{"href":"https:\/\/dozsaugyved.hu\/en\/wp-json\/wp\/v2\/pages\/3","targetHints":{"allow":["GET"]}}],"collection":[{"href":"https:\/\/dozsaugyved.hu\/en\/wp-json\/wp\/v2\/pages"}],"about":[{"href":"https:\/\/dozsaugyved.hu\/en\/wp-json\/wp\/v2\/types\/page"}],"author":[{"embeddable":true,"href":"https:\/\/dozsaugyved.hu\/en\/wp-json\/wp\/v2\/users\/1"}],"replies":[{"embeddable":true,"href":"https:\/\/dozsaugyved.hu\/en\/wp-json\/wp\/v2\/comments?post=3"}],"version-history":[{"count":4,"href":"https:\/\/dozsaugyved.hu\/en\/wp-json\/wp\/v2\/pages\/3\/revisions"}],"predecessor-version":[{"id":1212,"href":"https:\/\/dozsaugyved.hu\/en\/wp-json\/wp\/v2\/pages\/3\/revisions\/1212"}],"wp:attachment":[{"href":"https:\/\/dozsaugyved.hu\/en\/wp-json\/wp\/v2\/media?parent=3"}],"curies":[{"name":"wp","href":"https:\/\/api.w.org\/{rel}","templated":true}]}}