{"id":575,"date":"2021-02-23T10:04:36","date_gmt":"2021-02-23T10:04:36","guid":{"rendered":"https:\/\/dozsaugyved.hu\/about-us\/"},"modified":"2024-08-15T06:20:28","modified_gmt":"2024-08-15T06:20:28","slug":"rolunk","status":"publish","type":"page","link":"https:\/\/dozsaugyved.hu\/en\/rolunk\/","title":{"rendered":"About us"},"content":{"rendered":"<div data-elementor-type=\"wp-page\" data-elementor-id=\"575\" class=\"elementor elementor-575\" data-elementor-post-type=\"page\">\n\t\t\t\t\t\t<section class=\"elementor-section elementor-top-section elementor-element elementor-element-252cc20 elementor-section-height-min-height elementor-section-boxed elementor-section-height-default elementor-section-items-middle\" data-id=\"252cc20\" data-element_type=\"section\" data-e-type=\"section\" data-settings=\"{&quot;background_background&quot;:&quot;classic&quot;,&quot;jet_parallax_layout_list&quot;:[]}\">\n\t\t\t\t\t\t\t<div class=\"elementor-background-overlay\"><\/div>\n\t\t\t\t\t\t\t<div class=\"elementor-container elementor-column-gap-no\">\n\t\t\t\t\t<div class=\"elementor-column elementor-col-100 elementor-top-column elementor-element elementor-element-07083f0\" data-id=\"07083f0\" data-element_type=\"column\" data-e-type=\"column\">\n\t\t\t<div class=\"elementor-widget-wrap elementor-element-populated\">\n\t\t\t\t\t\t<section class=\"elementor-section elementor-inner-section elementor-element elementor-element-9940fa4 elementor-section-boxed elementor-section-height-default elementor-section-height-default\" data-id=\"9940fa4\" data-element_type=\"section\" data-e-type=\"section\" data-settings=\"{&quot;jet_parallax_layout_list&quot;:[]}\">\n\t\t\t\t\t\t<div class=\"elementor-container elementor-column-gap-no\">\n\t\t\t\t\t<div class=\"elementor-column elementor-col-100 elementor-inner-column elementor-element elementor-element-a99e1c6\" data-id=\"a99e1c6\" data-element_type=\"column\" data-e-type=\"column\">\n\t\t\t<div class=\"elementor-widget-wrap elementor-element-populated\">\n\t\t\t\t\t\t<div class=\"elementor-element elementor-element-8f0f777 elementor-widget elementor-widget-heading\" data-id=\"8f0f777\" data-element_type=\"widget\" data-e-type=\"widget\" data-widget_type=\"heading.default\">\n\t\t\t\t<div class=\"elementor-widget-container\">\n\t\t\t\t\t<h1 class=\"elementor-heading-title elementor-size-default\">About<\/h1>\t\t\t\t<\/div>\n\t\t\t\t<\/div>\n\t\t\t\t\t<\/div>\n\t\t<\/div>\n\t\t\t\t\t<\/div>\n\t\t<\/section>\n\t\t\t\t\t<\/div>\n\t\t<\/div>\n\t\t\t\t\t<\/div>\n\t\t<\/section>\n\t\t\t\t<section class=\"elementor-section elementor-top-section elementor-element elementor-element-241cd00 elementor-section-boxed elementor-section-height-default elementor-section-height-default\" data-id=\"241cd00\" data-element_type=\"section\" data-e-type=\"section\" data-settings=\"{&quot;background_background&quot;:&quot;classic&quot;,&quot;jet_parallax_layout_list&quot;:[]}\">\n\t\t\t\t\t\t\t<div class=\"elementor-background-overlay\"><\/div>\n\t\t\t\t\t\t\t<div class=\"elementor-container elementor-column-gap-no\">\n\t\t\t\t\t<div class=\"elementor-column elementor-col-100 elementor-top-column elementor-element elementor-element-4c3d795\" data-id=\"4c3d795\" data-element_type=\"column\" data-e-type=\"column\">\n\t\t\t<div class=\"elementor-widget-wrap elementor-element-populated\">\n\t\t\t\t\t\t<section class=\"elementor-section elementor-inner-section elementor-element elementor-element-2d0bf28 elementor-section-boxed elementor-section-height-default elementor-section-height-default\" data-id=\"2d0bf28\" data-element_type=\"section\" data-e-type=\"section\" data-settings=\"{&quot;jet_parallax_layout_list&quot;:[]}\">\n\t\t\t\t\t\t<div class=\"elementor-container elementor-column-gap-no\">\n\t\t\t\t\t<div class=\"elementor-column elementor-col-50 elementor-inner-column elementor-element elementor-element-e5a42d0\" data-id=\"e5a42d0\" data-element_type=\"column\" data-e-type=\"column\">\n\t\t\t<div class=\"elementor-widget-wrap elementor-element-populated\">\n\t\t\t\t\t\t<div class=\"elementor-element elementor-element-9bd1bca elementor-widget elementor-widget-heading\" data-id=\"9bd1bca\" data-element_type=\"widget\" data-e-type=\"widget\" data-widget_type=\"heading.default\">\n\t\t\t\t<div class=\"elementor-widget-container\">\n\t\t\t\t\t<h6 class=\"elementor-heading-title elementor-size-default\">About us<\/h6>\t\t\t\t<\/div>\n\t\t\t\t<\/div>\n\t\t\t\t<div class=\"elementor-element elementor-element-51fd535 elementor-widget elementor-widget-heading\" data-id=\"51fd535\" data-element_type=\"widget\" data-e-type=\"widget\" data-widget_type=\"heading.default\">\n\t\t\t\t<div class=\"elementor-widget-container\">\n\t\t\t\t\t<h2 class=\"elementor-heading-title elementor-size-default\">I graduated from the Faculty of Law and Political Sciences of the University of Miskolc in 2003.<\/h2>\t\t\t\t<\/div>\n\t\t\t\t<\/div>\n\t\t\t\t<div class=\"elementor-element elementor-element-169224d elementor-widget elementor-widget-heading\" data-id=\"169224d\" data-element_type=\"widget\" data-e-type=\"widget\" data-widget_type=\"heading.default\">\n\t\t\t\t<div class=\"elementor-widget-container\">\n\t\t\t\t\t<h2 class=\"elementor-heading-title elementor-size-default\"> In the same year I started working at the Pest County Directorate of the then Tax Investigation Directorate, in 2004, after the restructuring of the organisation, at the Economic Protection Department of the National Bureau of Investigation, and from 2008 at the Criminal Investigation Department of the same body.\nInternational Crime Unit of the same department.<\/h2>\t\t\t\t<\/div>\n\t\t\t\t<\/div>\n\t\t\t\t<div class=\"elementor-element elementor-element-527a23b elementor-widget elementor-widget-text-editor\" data-id=\"527a23b\" data-element_type=\"widget\" data-e-type=\"widget\" data-widget_type=\"text-editor.default\">\n\t\t\t\t<div class=\"elementor-widget-container\">\n\t\t\t\t\t\t\t\t\t<p>Since 2010, I have been representing our clients in the above areas, drawing on the experience I have gained in the past and supplementing my knowledge. My office carries out a wide range of work.<br \/>Our main area of expertise is economic criminal law, but we also cover the entire field of law. In addition to economic criminal law, we also represent our clients effectively in other matters relevant to criminal law. We also fully represent clients in the field of civil law, but my personal specialisation is in family law, matrimonial dissolution proceedings, child custody cases and related administrative proceedings. I believe that only someone who has been through a divorce and has children can represent them properly, and who understands the problems of their clients. In representing our clients, we go to the limits of the law to achieve the best results.<br \/>In the field of civil law, we also have extensive experience in real estate, and in the past 8 years we have been involved in hundreds of enforcement cases, handling the sale and purchase of real estate, and the discharge of encumbrances, but we also successfully represent our clients in the field of sales, gifts and other real estate-related legal transactions.<br \/>Our firm represents companies on a permanent and ad hoc basis, effectively assisting their operations. The experience gained in this field is also effectively applied in the field of employment law, both on the company and the employee side. In addition to the above, through our colleagues, we strive to meet all your needs and provide answers to your legal problems.<br \/>Our primary goal: to provide you with the legal representation you need in all areas of law.<br \/>The office is fluent in German and English.<\/p>\t\t\t\t\t\t\t\t<\/div>\n\t\t\t\t<\/div>\n\t\t\t\t\t<\/div>\n\t\t<\/div>\n\t\t\t\t<div class=\"elementor-column elementor-col-50 elementor-inner-column elementor-element elementor-element-2eab71c\" data-id=\"2eab71c\" data-element_type=\"column\" data-e-type=\"column\">\n\t\t\t<div class=\"elementor-widget-wrap elementor-element-populated\">\n\t\t\t\t\t\t<div class=\"elementor-element elementor-element-8013aa6 elementor-widget elementor-widget-image\" data-id=\"8013aa6\" data-element_type=\"widget\" data-e-type=\"widget\" data-widget_type=\"image.default\">\n\t\t\t\t<div class=\"elementor-widget-container\">\n\t\t\t\t\t\t\t\t\t\t\t\t\t\t\t<img decoding=\"async\" src=\"https:\/\/dozsaugyved.hu\/wp-content\/uploads\/2021\/02\/about-02-free-img.jpg\" title=\"\" alt=\"\" loading=\"lazy\" \/>\t\t\t\t\t\t\t\t\t\t\t\t\t\t\t<\/div>\n\t\t\t\t<\/div>\n\t\t\t\t\t<\/div>\n\t\t<\/div>\n\t\t\t\t\t<\/div>\n\t\t<\/section>\n\t\t\t\t\t<\/div>\n\t\t<\/div>\n\t\t\t\t\t<\/div>\n\t\t<\/section>\n\t\t\t\t<\/div>","protected":false},"excerpt":{"rendered":"<p>Introduction About me I am Dr. Ern\u0151 D\u00f3zsa, I graduated from the Faculty of Law and Political Sciences of the University of Miskolc in 2003. In the same year I started working at the Pest County Directorate of the then Tax Investigation Directorate, in 2004 at the Economic Protection Department of the National Investigation Bureau, and from 2008 at the International Crime Unit of the Criminal Investigation Department of the same body. Since 2010, he has held the position of ...<\/p>\n<p class=\"read-more\"> <a class=\"\" href=\"https:\/\/dozsaugyved.hu\/en\/rolunk\/\"> <span class=\"screen-reader-text\">About us<\/span> Read More \"<\/a><\/p>","protected":false},"author":1,"featured_media":0,"parent":0,"menu_order":0,"comment_status":"closed","ping_status":"closed","template":"","meta":{"site-sidebar-layout":"no-sidebar","site-content-layout":"page-builder","ast-site-content-layout":"full-width-container","site-content-style":"unboxed","site-sidebar-style":"unboxed","ast-global-header-display":"","ast-banner-title-visibility":"","ast-main-header-display":"","ast-hfb-above-header-display":"","ast-hfb-below-header-display":"","ast-hfb-mobile-header-display":"","site-post-title":"disabled","ast-breadcrumbs-content":"disabled","ast-featured-img":"disabled","footer-sml-layout":"","theme-transparent-header-meta":"enabled","adv-header-id-meta":"","stick-header-meta":"","header-above-stick-meta":"","header-main-stick-meta":"","header-below-stick-meta":"","astra-migrate-meta-layouts":"set","ast-page-background-enabled":"default","ast-page-background-meta":{"desktop":{"background-color":"","background-image":"","background-repeat":"repeat","background-position":"center center","background-size":"auto","background-attachment":"scroll","background-type":"","background-media":"","overlay-type":"","overlay-color":"","overlay-gradient":""},"tablet":{"background-color":"","background-image":"","background-repeat":"repeat","background-position":"center center","background-size":"auto","background-attachment":"scroll","background-type":"","background-media":"","overlay-type":"","overlay-color":"","overlay-gradient":""},"mobile":{"background-color":"","background-image":"","background-repeat":"repeat","background-position":"center center","background-size":"auto","background-attachment":"scroll","background-type":"","background-media":"","overlay-type":"","overlay-color":"","overlay-gradient":""}},"ast-content-background-meta":{"desktop":{"background-color":"var(--ast-global-color-5)","background-image":"","background-repeat":"repeat","background-position":"center center","background-size":"auto","background-attachment":"scroll","background-type":"","background-media":"","overlay-type":"","overlay-color":"","overlay-gradient":""},"tablet":{"background-color":"var(--ast-global-color-5)","background-image":"","background-repeat":"repeat","background-position":"center center","background-size":"auto","background-attachment":"scroll","background-type":"","background-media":"","overlay-type":"","overlay-color":"","overlay-gradient":""},"mobile":{"background-color":"var(--ast-global-color-5)","background-image":"","background-repeat":"repeat","background-position":"center center","background-size":"auto","background-attachment":"scroll","background-type":"","background-media":"","overlay-type":"","overlay-color":"","overlay-gradient":""}},"footnotes":""},"class_list":["post-575","page","type-page","status-publish","hentry"],"yoast_head":"<!-- This site is optimized with the Yoast SEO Premium plugin v27.4 (Yoast SEO v27.4) - https:\/\/yoast.com\/product\/yoast-seo-premium-wordpress\/ -->\n<title>R\u00f3lunk - Dr. D\u00f3zsa Ern\u0151 \u00dcgyv\u00e9di iroda<\/title>\n<meta name=\"description\" content=\"Az \u00d6n ig\u00e9nyeinek megfelel\u0151 jogi k\u00e9pviselet ell\u00e1t\u00e1sa valamennyi jogter\u00fcleten.Az iroda n\u00e9met \u00e9s angol nyelven t\u00e1rgyal\u00f3k\u00e9pes nyelvtud\u00e1ssal b\u00edr.\" \/>\n<meta name=\"robots\" content=\"index, follow, max-snippet:-1, max-image-preview:large, max-video-preview:-1\" \/>\n<link rel=\"canonical\" href=\"https:\/\/dozsaugyved.hu\/en\/rolunk\/\" \/>\n<meta property=\"og:locale\" content=\"en_GB\" \/>\n<meta property=\"og:type\" content=\"article\" \/>\n<meta property=\"og:title\" content=\"R\u00f3lunk\" \/>\n<meta property=\"og:description\" content=\"Az \u00d6n ig\u00e9nyeinek megfelel\u0151 jogi k\u00e9pviselet ell\u00e1t\u00e1sa valamennyi jogter\u00fcleten.Az iroda n\u00e9met \u00e9s angol nyelven t\u00e1rgyal\u00f3k\u00e9pes nyelvtud\u00e1ssal b\u00edr.\" \/>\n<meta property=\"og:url\" content=\"https:\/\/dozsaugyved.hu\/en\/rolunk\/\" \/>\n<meta property=\"og:site_name\" content=\"Dr. D\u00f3zsa Ern\u0151 \u00dcgyv\u00e9di iroda\" \/>\n<meta property=\"article:modified_time\" content=\"2024-08-15T06:20:28+00:00\" \/>\n<meta property=\"og:image\" content=\"https:\/\/dozsaugyved.hu\/wp-content\/uploads\/2021\/02\/about-02-free-img.jpg\" \/>\n<meta name=\"twitter:card\" content=\"summary_large_image\" \/>\n<meta name=\"twitter:label1\" content=\"Estimated reading time\" \/>\n\t<meta name=\"twitter:data1\" content=\"2 minutes\" \/>\n<script type=\"application\/ld+json\" class=\"yoast-schema-graph\">{\"@context\":\"https:\\\/\\\/schema.org\",\"@graph\":[{\"@type\":\"WebPage\",\"@id\":\"https:\\\/\\\/dozsaugyved.hu\\\/rolunk\\\/\",\"url\":\"https:\\\/\\\/dozsaugyved.hu\\\/rolunk\\\/\",\"name\":\"R\u00f3lunk - Dr. D\u00f3zsa Ern\u0151 \u00dcgyv\u00e9di iroda\",\"isPartOf\":{\"@id\":\"https:\\\/\\\/dozsaugyved.hu\\\/#website\"},\"primaryImageOfPage\":{\"@id\":\"https:\\\/\\\/dozsaugyved.hu\\\/rolunk\\\/#primaryimage\"},\"image\":{\"@id\":\"https:\\\/\\\/dozsaugyved.hu\\\/rolunk\\\/#primaryimage\"},\"thumbnailUrl\":\"https:\\\/\\\/dozsaugyved.hu\\\/wp-content\\\/uploads\\\/2021\\\/02\\\/about-02-free-img.jpg\",\"datePublished\":\"2021-02-23T10:04:36+00:00\",\"dateModified\":\"2024-08-15T06:20:28+00:00\",\"description\":\"Az \u00d6n ig\u00e9nyeinek megfelel\u0151 jogi k\u00e9pviselet ell\u00e1t\u00e1sa valamennyi jogter\u00fcleten.Az iroda n\u00e9met \u00e9s angol nyelven t\u00e1rgyal\u00f3k\u00e9pes nyelvtud\u00e1ssal b\u00edr.\",\"breadcrumb\":{\"@id\":\"https:\\\/\\\/dozsaugyved.hu\\\/rolunk\\\/#breadcrumb\"},\"inLanguage\":\"en-GB\",\"potentialAction\":[{\"@type\":\"ReadAction\",\"target\":[\"https:\\\/\\\/dozsaugyved.hu\\\/rolunk\\\/\"]}]},{\"@type\":\"ImageObject\",\"inLanguage\":\"en-GB\",\"@id\":\"https:\\\/\\\/dozsaugyved.hu\\\/rolunk\\\/#primaryimage\",\"url\":\"https:\\\/\\\/dozsaugyved.hu\\\/wp-content\\\/uploads\\\/2021\\\/02\\\/about-02-free-img.jpg\",\"contentUrl\":\"https:\\\/\\\/dozsaugyved.hu\\\/wp-content\\\/uploads\\\/2021\\\/02\\\/about-02-free-img.jpg\"},{\"@type\":\"BreadcrumbList\",\"@id\":\"https:\\\/\\\/dozsaugyved.hu\\\/rolunk\\\/#breadcrumb\",\"itemListElement\":[{\"@type\":\"ListItem\",\"position\":1,\"name\":\"Home\",\"item\":\"https:\\\/\\\/dozsaugyved.hu\\\/\"},{\"@type\":\"ListItem\",\"position\":2,\"name\":\"R\u00f3lunk\"}]},{\"@type\":\"WebSite\",\"@id\":\"https:\\\/\\\/dozsaugyved.hu\\\/#website\",\"url\":\"https:\\\/\\\/dozsaugyved.hu\\\/\",\"name\":\"Dr. D\u00f3zsa Ern\u0151 \u00dcgyv\u00e9di iroda\",\"description\":\"\u00dcgyv\u00e9di iroda\",\"publisher\":{\"@id\":\"https:\\\/\\\/dozsaugyved.hu\\\/#organization\"},\"alternateName\":\"\u00dcgyv\u00e9di Iroda Budapest\",\"potentialAction\":[{\"@type\":\"SearchAction\",\"target\":{\"@type\":\"EntryPoint\",\"urlTemplate\":\"https:\\\/\\\/dozsaugyved.hu\\\/?s={search_term_string}\"},\"query-input\":{\"@type\":\"PropertyValueSpecification\",\"valueRequired\":true,\"valueName\":\"search_term_string\"}}],\"inLanguage\":\"en-GB\"},{\"@type\":\"Organization\",\"@id\":\"https:\\\/\\\/dozsaugyved.hu\\\/#organization\",\"name\":\"Dr. D\u00f3zsa Ern\u0151 \u00dcgyv\u00e9di iroda\",\"alternateName\":\"\u00dcgyv\u00e9di Iroda Budapest\",\"url\":\"https:\\\/\\\/dozsaugyved.hu\\\/\",\"logo\":{\"@type\":\"ImageObject\",\"inLanguage\":\"en-GB\",\"@id\":\"https:\\\/\\\/dozsaugyved.hu\\\/#\\\/schema\\\/logo\\\/image\\\/\",\"url\":\"https:\\\/\\\/dozsaugyved.hu\\\/wp-content\\\/uploads\\\/2023\\\/11\\\/cropped-380519886_3508177709444460_248778446411742142_n.jpg\",\"contentUrl\":\"https:\\\/\\\/dozsaugyved.hu\\\/wp-content\\\/uploads\\\/2023\\\/11\\\/cropped-380519886_3508177709444460_248778446411742142_n.jpg\",\"width\":512,\"height\":512,\"caption\":\"Dr. D\u00f3zsa Ern\u0151 \u00dcgyv\u00e9di iroda\"},\"image\":{\"@id\":\"https:\\\/\\\/dozsaugyved.hu\\\/#\\\/schema\\\/logo\\\/image\\\/\"},\"description\":\"Dr. D\u00f3zsa Ern\u0151, a Miskolci Egyetem \u00c1llam- \u00e9s Jogtudom\u00e1nyi Kar\u00e1n v\u00e9gzett jog\u00e1sz, t\u00f6bb mint 20 \u00e9ves tapasztalattal rendelkezik a gazdas\u00e1gi b\u00fcntet\u0151jog, csal\u00e1djog \u00e9s polg\u00e1ri jog ter\u00fclet\u00e9n. Irod\u00e1ja teljes k\u00f6r\u0171 jogi szolg\u00e1ltat\u00e1st ny\u00fajt, k\u00fcl\u00f6n\u00f6sen ingatlan\u00fcgyek, v\u00e1l\u00f3perek, gyermekelhelyez\u00e9s \u00e9s gazdas\u00e1gi t\u00e1rsas\u00e1gok k\u00e9pviselete ter\u00e9n.\",\"email\":\"office@dozsaugyved.hu\",\"telephone\":\"+36309396943\",\"numberOfEmployees\":{\"@type\":\"QuantitativeValue\",\"minValue\":\"1\",\"maxValue\":\"10\"},\"publishingPrinciples\":\"https:\\\/\\\/dozsaugyved.hu\\\/adatvedelmi-nyilatkozat\\\/\",\"ownershipFundingInfo\":\"https:\\\/\\\/dozsaugyved.hu\\\/adatvedelmi-nyilatkozat\\\/\",\"actionableFeedbackPolicy\":\"https:\\\/\\\/dozsaugyved.hu\\\/cookie-tajekoztato\\\/\",\"correctionsPolicy\":\"https:\\\/\\\/dozsaugyved.hu\\\/kapcsolat\\\/\"}]}<\/script>\n<!-- \/ Yoast SEO Premium plugin. -->","yoast_head_json":{"title":"About us - Dr. Ern\u0151 D\u00f3zsa Law Office","description":"We provide legal representation in all areas of law to meet your needs.The firm is fluent in German and English.","robots":{"index":"index","follow":"follow","max-snippet":"max-snippet:-1","max-image-preview":"max-image-preview:large","max-video-preview":"max-video-preview:-1"},"canonical":"https:\/\/dozsaugyved.hu\/en\/rolunk\/","og_locale":"en_GB","og_type":"article","og_title":"R\u00f3lunk","og_description":"Az \u00d6n ig\u00e9nyeinek megfelel\u0151 jogi k\u00e9pviselet ell\u00e1t\u00e1sa valamennyi jogter\u00fcleten.Az iroda n\u00e9met \u00e9s angol nyelven t\u00e1rgyal\u00f3k\u00e9pes nyelvtud\u00e1ssal b\u00edr.","og_url":"https:\/\/dozsaugyved.hu\/en\/rolunk\/","og_site_name":"Dr. D\u00f3zsa Ern\u0151 \u00dcgyv\u00e9di iroda","article_modified_time":"2024-08-15T06:20:28+00:00","og_image":[{"url":"https:\/\/dozsaugyved.hu\/wp-content\/uploads\/2021\/02\/about-02-free-img.jpg","type":"","width":"","height":""}],"twitter_card":"summary_large_image","twitter_misc":{"Estimated reading time":"2 minutes"},"schema":{"@context":"https:\/\/schema.org","@graph":[{"@type":"WebPage","@id":"https:\/\/dozsaugyved.hu\/rolunk\/","url":"https:\/\/dozsaugyved.hu\/rolunk\/","name":"About us - Dr. Ern\u0151 D\u00f3zsa Law Office","isPartOf":{"@id":"https:\/\/dozsaugyved.hu\/#website"},"primaryImageOfPage":{"@id":"https:\/\/dozsaugyved.hu\/rolunk\/#primaryimage"},"image":{"@id":"https:\/\/dozsaugyved.hu\/rolunk\/#primaryimage"},"thumbnailUrl":"https:\/\/dozsaugyved.hu\/wp-content\/uploads\/2021\/02\/about-02-free-img.jpg","datePublished":"2021-02-23T10:04:36+00:00","dateModified":"2024-08-15T06:20:28+00:00","description":"We provide legal representation in all areas of law to meet your needs.The firm is fluent in German and English.","breadcrumb":{"@id":"https:\/\/dozsaugyved.hu\/rolunk\/#breadcrumb"},"inLanguage":"en-GB","potentialAction":[{"@type":"ReadAction","target":["https:\/\/dozsaugyved.hu\/rolunk\/"]}]},{"@type":"ImageObject","inLanguage":"en-GB","@id":"https:\/\/dozsaugyved.hu\/rolunk\/#primaryimage","url":"https:\/\/dozsaugyved.hu\/wp-content\/uploads\/2021\/02\/about-02-free-img.jpg","contentUrl":"https:\/\/dozsaugyved.hu\/wp-content\/uploads\/2021\/02\/about-02-free-img.jpg"},{"@type":"BreadcrumbList","@id":"https:\/\/dozsaugyved.hu\/rolunk\/#breadcrumb","itemListElement":[{"@type":"ListItem","position":1,"name":"Home","item":"https:\/\/dozsaugyved.hu\/"},{"@type":"ListItem","position":2,"name":"R\u00f3lunk"}]},{"@type":"WebSite","@id":"https:\/\/dozsaugyved.hu\/#website","url":"https:\/\/dozsaugyved.hu\/","name":"Dr. Ern\u0151 D\u00f3zsa Law Office","description":"Law firm","publisher":{"@id":"https:\/\/dozsaugyved.hu\/#organization"},"alternateName":"\u00dcgyv\u00e9di Iroda Budapest","potentialAction":[{"@type":"SearchAction","target":{"@type":"EntryPoint","urlTemplate":"https:\/\/dozsaugyved.hu\/?s={search_term_string}"},"query-input":{"@type":"PropertyValueSpecification","valueRequired":true,"valueName":"search_term_string"}}],"inLanguage":"en-GB"},{"@type":"Organization","@id":"https:\/\/dozsaugyved.hu\/#organization","name":"Dr. Ern\u0151 D\u00f3zsa Law Office","alternateName":"\u00dcgyv\u00e9di Iroda Budapest","url":"https:\/\/dozsaugyved.hu\/","logo":{"@type":"ImageObject","inLanguage":"en-GB","@id":"https:\/\/dozsaugyved.hu\/#\/schema\/logo\/image\/","url":"https:\/\/dozsaugyved.hu\/wp-content\/uploads\/2023\/11\/cropped-380519886_3508177709444460_248778446411742142_n.jpg","contentUrl":"https:\/\/dozsaugyved.hu\/wp-content\/uploads\/2023\/11\/cropped-380519886_3508177709444460_248778446411742142_n.jpg","width":512,"height":512,"caption":"Dr. D\u00f3zsa Ern\u0151 \u00dcgyv\u00e9di iroda"},"image":{"@id":"https:\/\/dozsaugyved.hu\/#\/schema\/logo\/image\/"},"description":"Dr. Ern\u0151 D\u00f3zsa, a graduate of the Faculty of Law and Political Sciences of the University of Miskolc, has more than 20 years of experience in the fields of economic criminal law, family law and civil law. His office provides a full range of legal services, in particular in the fields of real estate, divorce, child custody and representation of business companies.","email":"office@dozsaugyved.hu","telephone":"+36309396943","numberOfEmployees":{"@type":"QuantitativeValue","minValue":"1","maxValue":"10"},"publishingPrinciples":"https:\/\/dozsaugyved.hu\/adatvedelmi-nyilatkozat\/","ownershipFundingInfo":"https:\/\/dozsaugyved.hu\/adatvedelmi-nyilatkozat\/","actionableFeedbackPolicy":"https:\/\/dozsaugyved.hu\/cookie-tajekoztato\/","correctionsPolicy":"https:\/\/dozsaugyved.hu\/kapcsolat\/"}]}},"_links":{"self":[{"href":"https:\/\/dozsaugyved.hu\/en\/wp-json\/wp\/v2\/pages\/575","targetHints":{"allow":["GET"]}}],"collection":[{"href":"https:\/\/dozsaugyved.hu\/en\/wp-json\/wp\/v2\/pages"}],"about":[{"href":"https:\/\/dozsaugyved.hu\/en\/wp-json\/wp\/v2\/types\/page"}],"author":[{"embeddable":true,"href":"https:\/\/dozsaugyved.hu\/en\/wp-json\/wp\/v2\/users\/1"}],"replies":[{"embeddable":true,"href":"https:\/\/dozsaugyved.hu\/en\/wp-json\/wp\/v2\/comments?post=575"}],"version-history":[{"count":24,"href":"https:\/\/dozsaugyved.hu\/en\/wp-json\/wp\/v2\/pages\/575\/revisions"}],"predecessor-version":[{"id":1295,"href":"https:\/\/dozsaugyved.hu\/en\/wp-json\/wp\/v2\/pages\/575\/revisions\/1295"}],"wp:attachment":[{"href":"https:\/\/dozsaugyved.hu\/en\/wp-json\/wp\/v2\/media?parent=575"}],"curies":[{"name":"wp","href":"https:\/\/api.w.org\/{rel}","templated":true}]}}