{"id":578,"date":"2021-02-23T10:07:14","date_gmt":"2021-02-23T10:07:14","guid":{"rendered":"https:\/\/dozsaugyved.hu\/contact\/"},"modified":"2025-11-09T14:08:17","modified_gmt":"2025-11-09T14:08:17","slug":"kapcsolat","status":"publish","type":"page","link":"https:\/\/dozsaugyved.hu\/en\/kapcsolat\/","title":{"rendered":"Contact"},"content":{"rendered":"<div data-elementor-type=\"wp-page\" data-elementor-id=\"578\" class=\"elementor elementor-578\" data-elementor-post-type=\"page\">\n\t\t\t\t\t\t<section class=\"elementor-section elementor-top-section elementor-element elementor-element-486db2d elementor-section-height-min-height elementor-section-boxed elementor-section-height-default elementor-section-items-middle\" data-id=\"486db2d\" data-element_type=\"section\" data-e-type=\"section\" data-settings=\"{&quot;background_background&quot;:&quot;classic&quot;,&quot;jet_parallax_layout_list&quot;:[]}\">\n\t\t\t\t\t\t\t<div class=\"elementor-background-overlay\"><\/div>\n\t\t\t\t\t\t\t<div class=\"elementor-container elementor-column-gap-no\">\n\t\t\t\t\t<div class=\"elementor-column elementor-col-100 elementor-top-column elementor-element elementor-element-b92903e\" data-id=\"b92903e\" data-element_type=\"column\" data-e-type=\"column\">\n\t\t\t<div class=\"elementor-widget-wrap elementor-element-populated\">\n\t\t\t\t\t\t<section class=\"elementor-section elementor-inner-section elementor-element elementor-element-6b38473 elementor-section-full_width elementor-section-height-default elementor-section-height-default\" data-id=\"6b38473\" data-element_type=\"section\" data-e-type=\"section\" data-settings=\"{&quot;jet_parallax_layout_list&quot;:[]}\">\n\t\t\t\t\t\t<div class=\"elementor-container elementor-column-gap-no\">\n\t\t\t\t\t<div class=\"elementor-column elementor-col-100 elementor-inner-column elementor-element elementor-element-9f72c21\" data-id=\"9f72c21\" data-element_type=\"column\" data-e-type=\"column\">\n\t\t\t<div class=\"elementor-widget-wrap\">\n\t\t\t\t\t\t\t<\/div>\n\t\t<\/div>\n\t\t\t\t\t<\/div>\n\t\t<\/section>\n\t\t\t\t<div class=\"elementor-element elementor-element-dba452e elementor-widget-mobile__width-inherit elementor-widget elementor-widget-heading\" data-id=\"dba452e\" data-element_type=\"widget\" data-e-type=\"widget\" data-widget_type=\"heading.default\">\n\t\t\t\t<div class=\"elementor-widget-container\">\n\t\t\t\t\t<h1 class=\"elementor-heading-title elementor-size-default\">Contact<\/h1>\t\t\t\t<\/div>\n\t\t\t\t<\/div>\n\t\t\t\t\t<\/div>\n\t\t<\/div>\n\t\t\t\t\t<\/div>\n\t\t<\/section>\n\t\t\t\t<section class=\"elementor-section elementor-top-section elementor-element elementor-element-cbc2f61 elementor-section-boxed elementor-section-height-default elementor-section-height-default\" data-id=\"cbc2f61\" data-element_type=\"section\" data-e-type=\"section\" data-settings=\"{&quot;background_background&quot;:&quot;classic&quot;,&quot;jet_parallax_layout_list&quot;:[]}\">\n\t\t\t\t\t\t\t<div class=\"elementor-background-overlay\"><\/div>\n\t\t\t\t\t\t\t<div class=\"elementor-container elementor-column-gap-no\">\n\t\t\t\t\t<div class=\"elementor-column elementor-col-100 elementor-top-column elementor-element elementor-element-e498eb5\" data-id=\"e498eb5\" data-element_type=\"column\" data-e-type=\"column\">\n\t\t\t<div class=\"elementor-widget-wrap elementor-element-populated\">\n\t\t\t\t\t\t<section class=\"elementor-section elementor-inner-section elementor-element elementor-element-61c16c9 elementor-section-boxed elementor-section-height-default elementor-section-height-default\" data-id=\"61c16c9\" data-element_type=\"section\" data-e-type=\"section\" data-settings=\"{&quot;jet_parallax_layout_list&quot;:[]}\">\n\t\t\t\t\t\t<div class=\"elementor-container elementor-column-gap-no\">\n\t\t\t\t\t<div class=\"elementor-column elementor-col-100 elementor-inner-column elementor-element elementor-element-98c56e3\" data-id=\"98c56e3\" data-element_type=\"column\" data-e-type=\"column\">\n\t\t\t<div class=\"elementor-widget-wrap elementor-element-populated\">\n\t\t\t\t\t\t<div class=\"elementor-element elementor-element-da291e4 elementor-widget elementor-widget-heading\" data-id=\"da291e4\" data-element_type=\"widget\" data-e-type=\"widget\" data-widget_type=\"heading.default\">\n\t\t\t\t<div class=\"elementor-widget-container\">\n\t\t\t\t\t<h6 class=\"elementor-heading-title elementor-size-default\">What's your special occasion?<\/h6>\t\t\t\t<\/div>\n\t\t\t\t<\/div>\n\t\t\t\t<div class=\"elementor-element elementor-element-0165768 elementor-widget elementor-widget-heading\" data-id=\"0165768\" data-element_type=\"widget\" data-e-type=\"widget\" data-widget_type=\"heading.default\">\n\t\t\t\t<div class=\"elementor-widget-container\">\n\t\t\t\t\t<h2 class=\"elementor-heading-title elementor-size-default\">Contact us using one of the contact details below.<\/h2>\t\t\t\t<\/div>\n\t\t\t\t<\/div>\n\t\t\t\t\t<\/div>\n\t\t<\/div>\n\t\t\t\t\t<\/div>\n\t\t<\/section>\n\t\t\t\t<div class=\"elementor-element elementor-element-f7f403e elementor-icon-list--layout-traditional elementor-list-item-link-full_width elementor-widget elementor-widget-icon-list\" data-id=\"f7f403e\" data-element_type=\"widget\" data-e-type=\"widget\" data-widget_type=\"icon-list.default\">\n\t\t\t\t<div class=\"elementor-widget-container\">\n\t\t\t\t\t\t\t<ul class=\"elementor-icon-list-items\">\n\t\t\t\t\t\t\t<li class=\"elementor-icon-list-item\">\n\t\t\t\t\t\t\t\t\t\t\t<a href=\"tel:+36309396943\">\n\n\t\t\t\t\t\t\t\t\t\t\t\t<span class=\"elementor-icon-list-icon\">\n\t\t\t\t\t\t\t<svg aria-hidden=\"true\" class=\"e-font-icon-svg e-fas-phone\" viewbox=\"0 0 512 512\" xmlns=\"http:\/\/www.w3.org\/2000\/svg\"><path d=\"M493.4 24.6l-104-24c-11.3-2.6-22.9 3.3-27.5 13.9l-48 112c-4.2 9.8-1.4 21.3 6.9 28l60.6 49.6c-36 76.7-98.9 140.5-177.2 177.2l-49.6-60.6c-6.8-8.3-18.2-11.1-28-6.9l-112 48C3.9 366.5-2 378.1.6 389.4l24 104C27.1 504.2 36.7 512 48 512c256.1 0 464-207.5 464-464 0-11.2-7.7-20.9-18.6-23.4z\"><\/path><\/svg>\t\t\t\t\t\t<\/span>\n\t\t\t\t\t\t\t\t\t\t<span class=\"elementor-icon-list-text\">Tel : +36 30 939 6943<\/span>\n\t\t\t\t\t\t\t\t\t\t\t<\/a>\n\t\t\t\t\t\t\t\t\t<\/li>\n\t\t\t\t\t\t\t\t<li class=\"elementor-icon-list-item\">\n\t\t\t\t\t\t\t\t\t\t\t<a href=\"\">\n\n\t\t\t\t\t\t\t\t\t\t\t\t<span class=\"elementor-icon-list-icon\">\n\t\t\t\t\t\t\t<svg aria-hidden=\"true\" class=\"e-font-icon-svg e-fas-mail-bulk\" viewbox=\"0 0 576 512\" xmlns=\"http:\/\/www.w3.org\/2000\/svg\"><path d=\"M160 448c-25.6 0-51.2-22.4-64-32-64-44.8-83.2-60.8-96-70.4V480c0 17.67 14.33 32 32 32h256c17.67 0 32-14.33 32-32V345.6c-12.8 9.6-32 25.6-96 70.4-12.8 9.6-38.4 32-64 32zm128-192H32c-17.67 0-32 14.33-32 32v16c25.6 19.2 22.4 19.2 115.2 86.4 9.6 6.4 28.8 25.6 44.8 25.6s35.2-19.2 44.8-22.4c92.8-67.2 89.6-67.2 115.2-86.4V288c0-17.67-14.33-32-32-32zm256-96H224c-17.67 0-32 14.33-32 32v32h96c33.21 0 60.59 25.42 63.71 57.82l.29-.22V416h192c17.67 0 32-14.33 32-32V192c0-17.67-14.33-32-32-32zm-32 128h-64v-64h64v64zm-352-96c0-35.29 28.71-64 64-64h224V32c0-17.67-14.33-32-32-32H96C78.33 0 64 14.33 64 32v192h96v-32z\"><\/path><\/svg>\t\t\t\t\t\t<\/span>\n\t\t\t\t\t\t\t\t\t\t<span class=\"elementor-icon-list-text\">E-mail: office@dozsaugyved.hu<\/span>\n\t\t\t\t\t\t\t\t\t\t\t<\/a>\n\t\t\t\t\t\t\t\t\t<\/li>\n\t\t\t\t\t\t\t\t<li class=\"elementor-icon-list-item\">\n\t\t\t\t\t\t\t\t\t\t\t<span class=\"elementor-icon-list-icon\">\n\t\t\t\t\t\t\t<svg aria-hidden=\"true\" class=\"e-font-icon-svg e-fas-location-arrow\" viewbox=\"0 0 512 512\" xmlns=\"http:\/\/www.w3.org\/2000\/svg\"><path d=\"M444.52 3.52L28.74 195.42c-47.97 22.39-31.98 92.75 19.19 92.75h175.91v175.91c0 51.17 70.36 67.17 92.75 19.19l191.9-415.78c15.99-38.39-25.59-79.97-63.97-63.97z\"><\/path><\/svg>\t\t\t\t\t\t<\/span>\n\t\t\t\t\t\t\t\t\t\t<span class=\"elementor-icon-list-text\">Address: 1145 Budapest, Mexik\u00f3i \u00fat 28\/A<\/span>\n\t\t\t\t\t\t\t\t\t<\/li>\n\t\t\t\t\t\t<\/ul>\n\t\t\t\t\t\t<\/div>\n\t\t\t\t<\/div>\n\t\t\t\t<div class=\"elementor-element elementor-element-70432a9 elementor-widget elementor-widget-google_maps\" data-id=\"70432a9\" data-element_type=\"widget\" data-e-type=\"widget\" data-widget_type=\"google_maps.default\">\n\t\t\t\t<div class=\"elementor-widget-container\">\n\t\t\t\t\t\t\t<div class=\"elementor-custom-embed\">\n\t\t\t<iframe loading=\"lazy\"\n\t\t\t\t\tsrc=\"https:\/\/maps.google.com\/maps?q=1145%20Budapest%2C%20Mexik%C3%B3i%20%C3%BAt%2028%2FA&#038;t=m&#038;z=16&#038;output=embed&#038;iwloc=near\"\n\t\t\t\t\ttitle=\"1145 Budapest, Mexik\u00f3i \u00fat 28\/A\"\n\t\t\t\t\taria-label=\"1145 Budapest, Mexik\u00f3i \u00fat 28\/A\"\n\t\t\t><\/iframe>\n\t\t<\/div>\n\t\t\t\t\t\t<\/div>\n\t\t\t\t<\/div>\n\t\t\t\t<div class=\"elementor-element elementor-element-75d5a85 elementor-widget elementor-widget-text-editor\" data-id=\"75d5a85\" data-element_type=\"widget\" data-e-type=\"widget\" data-widget_type=\"text-editor.default\">\n\t\t\t\t<div class=\"elementor-widget-container\">\n\t\t\t\t\t\t\t\t\t<p>Click on the map to open a Google map.<\/p>\t\t\t\t\t\t\t\t<\/div>\n\t\t\t\t<\/div>\n\t\t\t\t\t<\/div>\n\t\t<\/div>\n\t\t\t\t\t<\/div>\n\t\t<\/section>\n\t\t\t\t<\/div>","protected":false},"excerpt":{"rendered":"<p>Contact What's your special occasion? Contact us using one of the contact details below. Tel : +36 30 939 6943 E-mail: office@dozsaugyved.hu Address.<\/p>","protected":false},"author":1,"featured_media":0,"parent":0,"menu_order":0,"comment_status":"closed","ping_status":"closed","template":"","meta":{"site-sidebar-layout":"no-sidebar","site-content-layout":"page-builder","ast-site-content-layout":"","site-content-style":"default","site-sidebar-style":"default","ast-global-header-display":"","ast-banner-title-visibility":"","ast-main-header-display":"","ast-hfb-above-header-display":"","ast-hfb-below-header-display":"","ast-hfb-mobile-header-display":"","site-post-title":"disabled","ast-breadcrumbs-content":"disabled","ast-featured-img":"disabled","footer-sml-layout":"","theme-transparent-header-meta":"enabled","adv-header-id-meta":"","stick-header-meta":"","header-above-stick-meta":"","header-main-stick-meta":"","header-below-stick-meta":"","astra-migrate-meta-layouts":"","ast-page-background-enabled":"default","ast-page-background-meta":{"desktop":{"background-color":"","background-image":"","background-repeat":"repeat","background-position":"center center","background-size":"auto","background-attachment":"scroll","background-type":"","background-media":"","overlay-type":"","overlay-color":"","overlay-gradient":""},"tablet":{"background-color":"","background-image":"","background-repeat":"repeat","background-position":"center center","background-size":"auto","background-attachment":"scroll","background-type":"","background-media":"","overlay-type":"","overlay-color":"","overlay-gradient":""},"mobile":{"background-color":"","background-image":"","background-repeat":"repeat","background-position":"center center","background-size":"auto","background-attachment":"scroll","background-type":"","background-media":"","overlay-type":"","overlay-color":"","overlay-gradient":""}},"ast-content-background-meta":{"desktop":{"background-color":"var(--ast-global-color-5)","background-image":"","background-repeat":"repeat","background-position":"center center","background-size":"auto","background-attachment":"scroll","background-type":"","background-media":"","overlay-type":"","overlay-color":"","overlay-gradient":""},"tablet":{"background-color":"var(--ast-global-color-5)","background-image":"","background-repeat":"repeat","background-position":"center center","background-size":"auto","background-attachment":"scroll","background-type":"","background-media":"","overlay-type":"","overlay-color":"","overlay-gradient":""},"mobile":{"background-color":"var(--ast-global-color-5)","background-image":"","background-repeat":"repeat","background-position":"center center","background-size":"auto","background-attachment":"scroll","background-type":"","background-media":"","overlay-type":"","overlay-color":"","overlay-gradient":""}},"footnotes":""},"class_list":["post-578","page","type-page","status-publish","hentry"],"yoast_head":"<!-- This site is optimized with the Yoast SEO Premium plugin v27.4 (Yoast SEO v27.4) - https:\/\/yoast.com\/product\/yoast-seo-premium-wordpress\/ -->\n<title>Kapcsolat - Dr. D\u00f3zsa Ern\u0151 \u00dcgyv\u00e9di iroda<\/title>\n<meta name=\"robots\" content=\"index, follow, max-snippet:-1, max-image-preview:large, max-video-preview:-1\" \/>\n<link rel=\"canonical\" href=\"https:\/\/dozsaugyved.hu\/en\/kapcsolat\/\" \/>\n<meta property=\"og:locale\" content=\"en_GB\" \/>\n<meta property=\"og:type\" content=\"article\" \/>\n<meta property=\"og:title\" content=\"Kapcsolat\" \/>\n<meta property=\"og:description\" content=\"Kapcsolat What&#8217;s your special occasion? L\u00e9pjen vel\u00fcnk kapcsolatba az al\u00e1bbi el\u00e9rhet\u0151s\u00e9gek valamelyik\u00e9n. Tel : +36 30 939 6943 E-mail: office@dozsaugyved.hu C\u00edm: 1145 Budapest, Mexik\u00f3i \u00fat 28\/A Google t\u00e9rk\u00e9p megnyit\u00e1s\u00e1hoz kattintson a t\u00e9rk\u00e9pre.\" \/>\n<meta property=\"og:url\" content=\"https:\/\/dozsaugyved.hu\/en\/kapcsolat\/\" \/>\n<meta property=\"og:site_name\" content=\"Dr. D\u00f3zsa Ern\u0151 \u00dcgyv\u00e9di iroda\" \/>\n<meta property=\"article:modified_time\" content=\"2025-11-09T14:08:17+00:00\" \/>\n<meta property=\"og:image\" content=\"https:\/\/dozsaugyved.hu\/wp-content\/uploads\/2023\/11\/cropped-380519886_3508177709444460_248778446411742142_n.jpg\" \/>\n\t<meta property=\"og:image:width\" content=\"512\" \/>\n\t<meta property=\"og:image:height\" content=\"512\" \/>\n\t<meta property=\"og:image:type\" content=\"image\/jpeg\" \/>\n<meta name=\"twitter:card\" content=\"summary_large_image\" \/>\n<meta name=\"twitter:label1\" content=\"Estimated reading time\" \/>\n\t<meta name=\"twitter:data1\" content=\"1 minute\" \/>\n<script type=\"application\/ld+json\" class=\"yoast-schema-graph\">{\"@context\":\"https:\\\/\\\/schema.org\",\"@graph\":[{\"@type\":\"WebPage\",\"@id\":\"https:\\\/\\\/dozsaugyved.hu\\\/kapcsolat\\\/\",\"url\":\"https:\\\/\\\/dozsaugyved.hu\\\/kapcsolat\\\/\",\"name\":\"Kapcsolat - Dr. D\u00f3zsa Ern\u0151 \u00dcgyv\u00e9di iroda\",\"isPartOf\":{\"@id\":\"https:\\\/\\\/dozsaugyved.hu\\\/#website\"},\"datePublished\":\"2021-02-23T10:07:14+00:00\",\"dateModified\":\"2025-11-09T14:08:17+00:00\",\"breadcrumb\":{\"@id\":\"https:\\\/\\\/dozsaugyved.hu\\\/kapcsolat\\\/#breadcrumb\"},\"inLanguage\":\"en-GB\",\"potentialAction\":[{\"@type\":\"ReadAction\",\"target\":[\"https:\\\/\\\/dozsaugyved.hu\\\/kapcsolat\\\/\"]}]},{\"@type\":\"BreadcrumbList\",\"@id\":\"https:\\\/\\\/dozsaugyved.hu\\\/kapcsolat\\\/#breadcrumb\",\"itemListElement\":[{\"@type\":\"ListItem\",\"position\":1,\"name\":\"Home\",\"item\":\"https:\\\/\\\/dozsaugyved.hu\\\/\"},{\"@type\":\"ListItem\",\"position\":2,\"name\":\"Kapcsolat\"}]},{\"@type\":\"WebSite\",\"@id\":\"https:\\\/\\\/dozsaugyved.hu\\\/#website\",\"url\":\"https:\\\/\\\/dozsaugyved.hu\\\/\",\"name\":\"Dr. D\u00f3zsa Ern\u0151 \u00dcgyv\u00e9di iroda\",\"description\":\"\u00dcgyv\u00e9di iroda\",\"publisher\":{\"@id\":\"https:\\\/\\\/dozsaugyved.hu\\\/#organization\"},\"alternateName\":\"\u00dcgyv\u00e9di Iroda Budapest\",\"potentialAction\":[{\"@type\":\"SearchAction\",\"target\":{\"@type\":\"EntryPoint\",\"urlTemplate\":\"https:\\\/\\\/dozsaugyved.hu\\\/?s={search_term_string}\"},\"query-input\":{\"@type\":\"PropertyValueSpecification\",\"valueRequired\":true,\"valueName\":\"search_term_string\"}}],\"inLanguage\":\"en-GB\"},{\"@type\":\"Organization\",\"@id\":\"https:\\\/\\\/dozsaugyved.hu\\\/#organization\",\"name\":\"Dr. D\u00f3zsa Ern\u0151 \u00dcgyv\u00e9di iroda\",\"alternateName\":\"\u00dcgyv\u00e9di Iroda Budapest\",\"url\":\"https:\\\/\\\/dozsaugyved.hu\\\/\",\"logo\":{\"@type\":\"ImageObject\",\"inLanguage\":\"en-GB\",\"@id\":\"https:\\\/\\\/dozsaugyved.hu\\\/#\\\/schema\\\/logo\\\/image\\\/\",\"url\":\"https:\\\/\\\/dozsaugyved.hu\\\/wp-content\\\/uploads\\\/2023\\\/11\\\/cropped-380519886_3508177709444460_248778446411742142_n.jpg\",\"contentUrl\":\"https:\\\/\\\/dozsaugyved.hu\\\/wp-content\\\/uploads\\\/2023\\\/11\\\/cropped-380519886_3508177709444460_248778446411742142_n.jpg\",\"width\":512,\"height\":512,\"caption\":\"Dr. D\u00f3zsa Ern\u0151 \u00dcgyv\u00e9di iroda\"},\"image\":{\"@id\":\"https:\\\/\\\/dozsaugyved.hu\\\/#\\\/schema\\\/logo\\\/image\\\/\"},\"description\":\"Dr. D\u00f3zsa Ern\u0151, a Miskolci Egyetem \u00c1llam- \u00e9s Jogtudom\u00e1nyi Kar\u00e1n v\u00e9gzett jog\u00e1sz, t\u00f6bb mint 20 \u00e9ves tapasztalattal rendelkezik a gazdas\u00e1gi b\u00fcntet\u0151jog, csal\u00e1djog \u00e9s polg\u00e1ri jog ter\u00fclet\u00e9n. Irod\u00e1ja teljes k\u00f6r\u0171 jogi szolg\u00e1ltat\u00e1st ny\u00fajt, k\u00fcl\u00f6n\u00f6sen ingatlan\u00fcgyek, v\u00e1l\u00f3perek, gyermekelhelyez\u00e9s \u00e9s gazdas\u00e1gi t\u00e1rsas\u00e1gok k\u00e9pviselete ter\u00e9n.\",\"email\":\"office@dozsaugyved.hu\",\"telephone\":\"+36309396943\",\"numberOfEmployees\":{\"@type\":\"QuantitativeValue\",\"minValue\":\"1\",\"maxValue\":\"10\"},\"publishingPrinciples\":\"https:\\\/\\\/dozsaugyved.hu\\\/adatvedelmi-nyilatkozat\\\/\",\"ownershipFundingInfo\":\"https:\\\/\\\/dozsaugyved.hu\\\/adatvedelmi-nyilatkozat\\\/\",\"actionableFeedbackPolicy\":\"https:\\\/\\\/dozsaugyved.hu\\\/cookie-tajekoztato\\\/\",\"correctionsPolicy\":\"https:\\\/\\\/dozsaugyved.hu\\\/kapcsolat\\\/\"}]}<\/script>\n<!-- \/ Yoast SEO Premium plugin. -->","yoast_head_json":{"title":"Contact - Dr. Ern\u0151 D\u00f3zsa Law Office","robots":{"index":"index","follow":"follow","max-snippet":"max-snippet:-1","max-image-preview":"max-image-preview:large","max-video-preview":"max-video-preview:-1"},"canonical":"https:\/\/dozsaugyved.hu\/en\/kapcsolat\/","og_locale":"en_GB","og_type":"article","og_title":"Kapcsolat","og_description":"Kapcsolat What&#8217;s your special occasion? L\u00e9pjen vel\u00fcnk kapcsolatba az al\u00e1bbi el\u00e9rhet\u0151s\u00e9gek valamelyik\u00e9n. Tel : +36 30 939 6943 E-mail: office@dozsaugyved.hu C\u00edm: 1145 Budapest, Mexik\u00f3i \u00fat 28\/A Google t\u00e9rk\u00e9p megnyit\u00e1s\u00e1hoz kattintson a t\u00e9rk\u00e9pre.","og_url":"https:\/\/dozsaugyved.hu\/en\/kapcsolat\/","og_site_name":"Dr. D\u00f3zsa Ern\u0151 \u00dcgyv\u00e9di iroda","article_modified_time":"2025-11-09T14:08:17+00:00","og_image":[{"width":512,"height":512,"url":"https:\/\/dozsaugyved.hu\/wp-content\/uploads\/2023\/11\/cropped-380519886_3508177709444460_248778446411742142_n.jpg","type":"image\/jpeg"}],"twitter_card":"summary_large_image","twitter_misc":{"Estimated reading time":"1 minute"},"schema":{"@context":"https:\/\/schema.org","@graph":[{"@type":"WebPage","@id":"https:\/\/dozsaugyved.hu\/kapcsolat\/","url":"https:\/\/dozsaugyved.hu\/kapcsolat\/","name":"Contact - Dr. Ern\u0151 D\u00f3zsa Law Office","isPartOf":{"@id":"https:\/\/dozsaugyved.hu\/#website"},"datePublished":"2021-02-23T10:07:14+00:00","dateModified":"2025-11-09T14:08:17+00:00","breadcrumb":{"@id":"https:\/\/dozsaugyved.hu\/kapcsolat\/#breadcrumb"},"inLanguage":"en-GB","potentialAction":[{"@type":"ReadAction","target":["https:\/\/dozsaugyved.hu\/kapcsolat\/"]}]},{"@type":"BreadcrumbList","@id":"https:\/\/dozsaugyved.hu\/kapcsolat\/#breadcrumb","itemListElement":[{"@type":"ListItem","position":1,"name":"Home","item":"https:\/\/dozsaugyved.hu\/"},{"@type":"ListItem","position":2,"name":"Kapcsolat"}]},{"@type":"WebSite","@id":"https:\/\/dozsaugyved.hu\/#website","url":"https:\/\/dozsaugyved.hu\/","name":"Dr. Ern\u0151 D\u00f3zsa Law Office","description":"Law firm","publisher":{"@id":"https:\/\/dozsaugyved.hu\/#organization"},"alternateName":"\u00dcgyv\u00e9di Iroda Budapest","potentialAction":[{"@type":"SearchAction","target":{"@type":"EntryPoint","urlTemplate":"https:\/\/dozsaugyved.hu\/?s={search_term_string}"},"query-input":{"@type":"PropertyValueSpecification","valueRequired":true,"valueName":"search_term_string"}}],"inLanguage":"en-GB"},{"@type":"Organization","@id":"https:\/\/dozsaugyved.hu\/#organization","name":"Dr. Ern\u0151 D\u00f3zsa Law Office","alternateName":"\u00dcgyv\u00e9di Iroda Budapest","url":"https:\/\/dozsaugyved.hu\/","logo":{"@type":"ImageObject","inLanguage":"en-GB","@id":"https:\/\/dozsaugyved.hu\/#\/schema\/logo\/image\/","url":"https:\/\/dozsaugyved.hu\/wp-content\/uploads\/2023\/11\/cropped-380519886_3508177709444460_248778446411742142_n.jpg","contentUrl":"https:\/\/dozsaugyved.hu\/wp-content\/uploads\/2023\/11\/cropped-380519886_3508177709444460_248778446411742142_n.jpg","width":512,"height":512,"caption":"Dr. D\u00f3zsa Ern\u0151 \u00dcgyv\u00e9di iroda"},"image":{"@id":"https:\/\/dozsaugyved.hu\/#\/schema\/logo\/image\/"},"description":"Dr. Ern\u0151 D\u00f3zsa, a graduate of the Faculty of Law and Political Sciences of the University of Miskolc, has more than 20 years of experience in the fields of economic criminal law, family law and civil law. His office provides a full range of legal services, in particular in the fields of real estate, divorce, child custody and representation of business companies.","email":"office@dozsaugyved.hu","telephone":"+36309396943","numberOfEmployees":{"@type":"QuantitativeValue","minValue":"1","maxValue":"10"},"publishingPrinciples":"https:\/\/dozsaugyved.hu\/adatvedelmi-nyilatkozat\/","ownershipFundingInfo":"https:\/\/dozsaugyved.hu\/adatvedelmi-nyilatkozat\/","actionableFeedbackPolicy":"https:\/\/dozsaugyved.hu\/cookie-tajekoztato\/","correctionsPolicy":"https:\/\/dozsaugyved.hu\/kapcsolat\/"}]}},"_links":{"self":[{"href":"https:\/\/dozsaugyved.hu\/en\/wp-json\/wp\/v2\/pages\/578","targetHints":{"allow":["GET"]}}],"collection":[{"href":"https:\/\/dozsaugyved.hu\/en\/wp-json\/wp\/v2\/pages"}],"about":[{"href":"https:\/\/dozsaugyved.hu\/en\/wp-json\/wp\/v2\/types\/page"}],"author":[{"embeddable":true,"href":"https:\/\/dozsaugyved.hu\/en\/wp-json\/wp\/v2\/users\/1"}],"replies":[{"embeddable":true,"href":"https:\/\/dozsaugyved.hu\/en\/wp-json\/wp\/v2\/comments?post=578"}],"version-history":[{"count":50,"href":"https:\/\/dozsaugyved.hu\/en\/wp-json\/wp\/v2\/pages\/578\/revisions"}],"predecessor-version":[{"id":1304,"href":"https:\/\/dozsaugyved.hu\/en\/wp-json\/wp\/v2\/pages\/578\/revisions\/1304"}],"wp:attachment":[{"href":"https:\/\/dozsaugyved.hu\/en\/wp-json\/wp\/v2\/media?parent=578"}],"curies":[{"name":"wp","href":"https:\/\/api.w.org\/{rel}","templated":true}]}}